{"id":90,"date":"2017-08-28T16:18:41","date_gmt":"2017-08-28T14:18:41","guid":{"rendered":"http:\/\/lewebpedagogique.com\/laclassedeloic\/?page_id=90"},"modified":"2017-08-28T16:18:41","modified_gmt":"2017-08-28T14:18:41","slug":"pourquoi-ce-blog","status":"publish","type":"page","link":"https:\/\/laclassedeloic.fr\/?page_id=90","title":{"rendered":"Pourquoi ce blog ?"},"content":{"rendered":"<h2>Qui suis-je ?<\/h2>\n<p>J&#8217;enseigne depuis 2006 en Haute-Vienne. J&#8217;ai eu plusieurs classes, principalement du CE1 et du CM2 :<br \/>\n2006 &#8211; 2007 : CE2<br \/>\n2007 &#8211; 2008 : CM2<br \/>\n2008 &#8211; 2009 \u00e0 2012 &#8211; 2013 : TRS en CE1 \/ CP \/ CE2 &#8211; CM1 \/ GS &#8211; CP \/ PS \/ CE1 &#8211; CE2<br \/>\n2013 &#8211; 2014 \u00e0 2016 &#8211; 2017 : CM2 + direction \u00e9cole 2 classes<br \/>\nDepuis 2017 &#8211; 2018 : CM2 + direction \u00e9cole primaire de 7 classes<\/p>\n<h2>Pourquoi ce blog ?<\/h2>\n<p>Depuis plusieurs ann\u00e9es, je suis de nombreux blogs et je trouve des choses vraiment fantastiques. Tout cela me facilite mes pr\u00e9parations de classe et me fait gagner beaucoup de temps. Maintenant je me d\u00e9cide \u00e0 mon tour \u00e0 partager (modestement) ce que je fais pour rendre l&#8217;appareil.<\/p>\n<h2>Utilisation des documents du blog<\/h2>\n<p>Tous les documents que vous trouverez sur ce site sont \u00e0 utiliser comme ils sont. Je ne fournirai pas les documents dans d&#8217;autres formats. Je pense notamment \u00e0 certains document qui peuvent \u00eatre en pdf (non modifiable facilement). Dans certains cas, je mettrai une version modifiable (avec la suite LibreOffice) ou dans d&#8217;autres non.<\/p>\n<p>Si vous utilisez des documents de ce site, vous devez laisser le nom de l&#8217;auteur et\/ou le nom du site internet s&#8217;il est indiqu\u00e9 sur le document. Idem si vous modifier le document.<br \/>\nVous ne pouvez pas prendre un document ici pour le mettre sur votre site ni m\u00eame faire un lien direct vers le document.<br \/>\nSi vous voulez partager un document que j&#8217;ai fait avec vos lecteurs, je vous demande de bien vouloir faire un lien vers l&#8217;article de mon blog qui parle dudit fichier et non pas un lien direct de t\u00e9l\u00e9chargement.<\/p>\n","protected":false},"excerpt":{"rendered":"<p>Qui suis-je ? J&#8217;enseigne depuis 2006 en Haute-Vienne. J&#8217;ai eu plusieurs classes, principalement du CE1 et du CM2 : 2006 [&hellip;]<\/p>\n","protected":false},"author":2,"featured_media":0,"parent":0,"menu_order":0,"comment_status":"closed","ping_status":"closed","template":"","meta":{"site-sidebar-layout":"default","site-content-layout":"","ast-site-content-layout":"default","site-content-style":"default","site-sidebar-style":"default","ast-global-header-display":"","ast-banner-title-visibility":"","ast-main-header-display":"","ast-hfb-above-header-display":"","ast-hfb-below-header-display":"","ast-hfb-mobile-header-display":"","site-post-title":"","ast-breadcrumbs-content":"","ast-featured-img":"","footer-sml-layout":"","ast-disable-related-posts":"","theme-transparent-header-meta":"","adv-header-id-meta":"","stick-header-meta":"","header-above-stick-meta":"","header-main-stick-meta":"","header-below-stick-meta":"","astra-migrate-meta-layouts":"default","ast-page-background-enabled":"default","ast-page-background-meta":{"desktop":{"background-color":"var(--ast-global-color-4)","background-image":"","background-repeat":"repeat","background-position":"center center","background-size":"auto","background-attachment":"scroll","background-type":"","background-media":"","overlay-type":"","overlay-color":"","overlay-opacity":"","overlay-gradient":""},"tablet":{"background-color":"","background-image":"","background-repeat":"repeat","background-position":"center center","background-size":"auto","background-attachment":"scroll","background-type":"","background-media":"","overlay-type":"","overlay-color":"","overlay-opacity":"","overlay-gradient":""},"mobile":{"background-color":"","background-image":"","background-repeat":"repeat","background-position":"center center","background-size":"auto","background-attachment":"scroll","background-type":"","background-media":"","overlay-type":"","overlay-color":"","overlay-opacity":"","overlay-gradient":""}},"ast-content-background-meta":{"desktop":{"background-color":"var(--ast-global-color-5)","background-image":"","background-repeat":"repeat","background-position":"center center","background-size":"auto","background-attachment":"scroll","background-type":"","background-media":"","overlay-type":"","overlay-color":"","overlay-opacity":"","overlay-gradient":""},"tablet":{"background-color":"var(--ast-global-color-5)","background-image":"","background-repeat":"repeat","background-position":"center center","background-size":"auto","background-attachment":"scroll","background-type":"","background-media":"","overlay-type":"","overlay-color":"","overlay-opacity":"","overlay-gradient":""},"mobile":{"background-color":"var(--ast-global-color-5)","background-image":"","background-repeat":"repeat","background-position":"center center","background-size":"auto","background-attachment":"scroll","background-type":"","background-media":"","overlay-type":"","overlay-color":"","overlay-opacity":"","overlay-gradient":""}},"footnotes":""},"class_list":["post-90","page","type-page","status-publish","hentry"],"_hostinger_reach_plugin_has_subscription_block":false,"_hostinger_reach_plugin_is_elementor":false,"_links":{"self":[{"href":"https:\/\/laclassedeloic.fr\/index.php?rest_route=\/wp\/v2\/pages\/90","targetHints":{"allow":["GET"]}}],"collection":[{"href":"https:\/\/laclassedeloic.fr\/index.php?rest_route=\/wp\/v2\/pages"}],"about":[{"href":"https:\/\/laclassedeloic.fr\/index.php?rest_route=\/wp\/v2\/types\/page"}],"author":[{"embeddable":true,"href":"https:\/\/laclassedeloic.fr\/index.php?rest_route=\/wp\/v2\/users\/2"}],"replies":[{"embeddable":true,"href":"https:\/\/laclassedeloic.fr\/index.php?rest_route=%2Fwp%2Fv2%2Fcomments&post=90"}],"version-history":[{"count":0,"href":"https:\/\/laclassedeloic.fr\/index.php?rest_route=\/wp\/v2\/pages\/90\/revisions"}],"wp:attachment":[{"href":"https:\/\/laclassedeloic.fr\/index.php?rest_route=%2Fwp%2Fv2%2Fmedia&parent=90"}],"curies":[{"name":"wp","href":"https:\/\/api.w.org\/{rel}","templated":true}]}}